{"id":1797,"date":"2020-04-14T19:45:29","date_gmt":"2020-04-14T17:45:29","guid":{"rendered":"https:\/\/mzpm-ljubljana.si\/javno\/about\/"},"modified":"2024-05-14T21:20:50","modified_gmt":"2024-05-14T19:20:50","slug":"predstavitev","status":"publish","type":"page","link":"https:\/\/mzpm-ljubljana.si\/javno\/predstavitev\/","title":{"rendered":"Predstavitev delovanja organizacije"},"content":{"rendered":"<div class=\"row \">\n<div class=\"span8 \"><h2>KDO SMO?<\/h2>\n<div class=\"content\">\n<p><strong>Mestna zveza prijateljev mladine Ljubljana<\/strong> je prostovoljna, nevladna, nestrankarska, samostojna humanitarna in neprofitna organizacija, s programi namenjenim otrokom, mladostnikom, mladim in celotnim dru\u017einam, s prizadevanjem za kakovostnej\u0161i rast in razvoj le teh.<\/p>\n<p><strong>Smo ponosni \u010dlan<\/strong>\u00a0<a href=\"https:\/\/mreza-kroj.si\/\">MRE\u017dE KROJ<\/a>, <a href=\"https:\/\/sticisce-sredisce.si\/mreza-most-mreza-mednarodnih-mobilnosti-mladih\/\">Mre\u017ee MOST<\/a>, <a href=\"https:\/\/mreza-za-otrokove-pravice.si\/\">Mre\u017ee ZA OTROKOVE PRAVICE<\/a>, in\u00a0 <a href=\"https:\/\/www.zpms.si\/\">Zveze prijateljev mladine Slovenije<\/a><\/p>\n<p>S pridobitvijo\u00a0<strong>STATUSA DRU\u0160TVA V JAVNEM INTERESU NA PODRO\u010cJU VZGOJE IN IZOBRA\u017dEVANJA\u00a0<\/strong>je program Mestne ZPM Ljubljana verificiran kot program, ki izra\u017ea \u0161ir\u0161i interes dru\u017ebe v skrbi za otroka in dru\u017eino.<\/p>\n<h2>NA\u0160I CILJI<\/h2>\n<p>Mestna ZPM Ljubljana si prizadeva prispevati k dvigu kakovosti \u017eivljenja otrok, mladostnikov in dru\u017ein, zastopati in uveljavljati njihove interese in potrebe, \u0161\u010dititi njihove pravice na osnovi Ustave Republike Slovenije, Deklaracije o \u010dlovekovih pravicah, Konvencije o otrokovih pravicah ter drugih dokumentih, ki zadevajo otroke, mladostnike in dru\u017eine.<\/p>\n<p>Organiziramo prireditve in sre\u010danja za mlade ter razli\u010dne oblike kakovostnega pre\u017eivljanja prostega \u010dasa otrok, mladostnikov in dru\u017ein.<\/p>\n<p>Izvajamo programe za:<br \/>\n- demokrati\u010dne in humane medsebojne odnose med otroki in mladostniki ter njimi in odraslimi;<br \/>\n- razvijanje okoljske in domovinske vzgoje;<br \/>\n- razvijanje bralne kulture, mirovni\u0161tva, strpnosti in solidarnosti, kulturne dedi\u0161\u010dine<\/p>\n<p>Organiziramo in razvijamo prostovoljno in socialno preventivno delo za mlade in organizira humanitarne oblike pomo\u010di otrokom, mladostnikom in dru\u017einam v Sloveniji.<\/p>\n<p><img decoding=\"async\" loading=\"lazy\" class=\"alignnone size-full wp-image-3990\" src=\"https:\/\/mzpm-ljubljana.si\/javno\/wp-content\/uploads\/prenos.png\" alt=\"\" width=\"1310\" height=\"607\" \/><\/p>\n<h2>IN VIZIJA<\/h2>\n<p>Z vizijo, da bodo na\u010drtovani programi vsebinsko in organizacijsko kvalitetno zasnovani in izvedeni po meri otrok, mladostnikov in star\u0161ev, katerim so tudi namenjeni. Za vsakim dobrim programom stojijo prostovoljci strokovnjaki in lai\u010dni prijatelji otrok in mladine, ki \u017eelijo del\u010dek svojega \u010dasa nameniti otrokom.<\/p>\n<p>Naloga vseh nas, zaposlenih v ljubljanski ZPM, je, da skupaj s funkcionarji in organi Zveze ustvarjamo pogoje za izvajanje programov in vklju\u010devanje kar najve\u010djega \u0161tevila prostovoljcev.<\/p><\/div>\n<\/div>\n<\/div><!-- .row (end) -->\n","protected":false},"excerpt":{"rendered":"","protected":false},"author":1,"featured_media":0,"parent":0,"menu_order":1,"comment_status":"closed","ping_status":"closed","template":"","meta":[],"_links":{"self":[{"href":"https:\/\/mzpm-ljubljana.si\/javno\/wp-json\/wp\/v2\/pages\/1797"}],"collection":[{"href":"https:\/\/mzpm-ljubljana.si\/javno\/wp-json\/wp\/v2\/pages"}],"about":[{"href":"https:\/\/mzpm-ljubljana.si\/javno\/wp-json\/wp\/v2\/types\/page"}],"author":[{"embeddable":true,"href":"https:\/\/mzpm-ljubljana.si\/javno\/wp-json\/wp\/v2\/users\/1"}],"replies":[{"embeddable":true,"href":"https:\/\/mzpm-ljubljana.si\/javno\/wp-json\/wp\/v2\/comments?post=1797"}],"version-history":[{"count":31,"href":"https:\/\/mzpm-ljubljana.si\/javno\/wp-json\/wp\/v2\/pages\/1797\/revisions"}],"predecessor-version":[{"id":3991,"href":"https:\/\/mzpm-ljubljana.si\/javno\/wp-json\/wp\/v2\/pages\/1797\/revisions\/3991"}],"wp:attachment":[{"href":"https:\/\/mzpm-ljubljana.si\/javno\/wp-json\/wp\/v2\/media?parent=1797"}],"curies":[{"name":"wp","href":"https:\/\/api.w.org\/{rel}","templated":true}]}}