{"id":2207,"date":"2020-05-19T12:11:46","date_gmt":"2020-05-19T10:11:46","guid":{"rendered":"https:\/\/mzpm-ljubljana.si\/javno\/?page_id=2207"},"modified":"2024-05-27T21:29:21","modified_gmt":"2024-05-27T19:29:21","slug":"pocitniske-aktivnosti","status":"publish","type":"page","link":"https:\/\/mzpm-ljubljana.si\/javno\/programi\/pocitniske-aktivnosti\/","title":{"rendered":"Po\u010ditni\u0161ke aktivnosti"},"content":{"rendered":"<h2><\/h2>\n<p>Spo\u0161tovani otroci, star\u0161i in ostali skrbniki otrok!<\/p>\n<p>JUHEJ....V letu 2024 bomo zopet izvaljali po\u010ditni\u0161ko varstvo za otroke in sicer v kar \u0161tirih (4) terminih:<\/p>\n<ul>\n<li>1. termin 1.7. - 5.7. 2024 (subvencioniran termin)<\/li>\n<li>2. termin 8.7. - 12.7.2024<\/li>\n<li>3. termin 19.8. - 23.8.2024<\/li>\n<li>4. termin 26.8. - 30.8.2024<\/li>\n<\/ul>\n<p><strong>Cena subvencioniranega termina<\/strong> 115 EUR\/otroka \/teden<\/p>\n<p><strong>Cena ostalih terminov<\/strong> 175 EUR\/otroka \/teden<\/p>\n<p>Cena vklju\u010duje vsebine po programu, zajtrk, kosilo in malico, stro\u0161ke zavarovanja.<\/p>\n<p>Prijava ve\u010d otrok iz iste dru\u017eine 10 % popusta na drugega otroka - ne velja subvencioniranem terminu!<\/p>\n<p>Okvirni program ( program po dnevih prejmete teden dni pred pri\u010detkom po\u010ditni\u0161kega termina):<\/p>\n<p>Od 7.00 do 8.15 prihod otrok, telovadba, dru\u017eabne igre<\/p>\n<p>8.30.- 9.00 zajtrk<\/p>\n<p>9.00 \u2013 12.00 tematski program z izobra\u017eevalno in gibalno vsebino<br \/>\n(orientacija, obisk in\u0161tituta, \u0161portne igre, kino, park Tivoli)<\/p>\n<p>12.30 \u2013 13.00 kosilo<\/p>\n<p>13.15 \u2013 16.00 zabavne vsebine, kolo sre\u010de, kako narediti milni mehur\u010dek,<br \/>\ndelavnica poskusov, ustvarjalnice, dru\u017eabne in \u0161portne igre<\/p>\n<p>Ob 16.00 odhod otrok domov<\/p>\n<p>Opomba: vsebina se bo po dnevih in urah prilagajala glede na vremensko<br \/>\nnapoved<\/p>\n<p>Celodnevno varstvo je primerno za otroke od 1. do 5. razreda in se bo izvaljalo v primeru, da bo na posamezni termin prijavljeno vsaj 15 otrok.<\/p>\n<p>Varstvo bo trajalo od 7.00 do 16.00 ure in se bo izvajalo v prostorih Dom Krajanov Dravlje, Draveljska 44, Ljubljana.<\/p>\n<p>Za prijave ter ve\u010d informacij v zvezi s po\u010ditni\u0161kem varstvom pi\u0161ite na info@mzpm-ljubljana.si.<\/p>\n<p>&nbsp;<\/p>\n<p>&nbsp;<\/p>\n","protected":false},"excerpt":{"rendered":"Spo\u0161tovani otroci, star\u0161i in ostali skrbniki otrok! JUHEJ....V letu 2024 bomo zopet izvaljali po\u010ditni\u0161ko varstvo za otroke in sicer v kar \u0161tirih (4) terminih: 1. termin 1.7. - 5.7. 2024 (subvencioniran termin) 2. termin 8.7. - 12.7.2024 3. termin 19.8. - 23.8.2024 4. termin 26.8. - 30.8.2024 Cena subvencioniranega termina 115 EUR\/otroka \/teden Cena ostalih &hellip; ","protected":false},"author":1,"featured_media":4051,"parent":2186,"menu_order":0,"comment_status":"closed","ping_status":"closed","template":"","meta":[],"_links":{"self":[{"href":"https:\/\/mzpm-ljubljana.si\/javno\/wp-json\/wp\/v2\/pages\/2207"}],"collection":[{"href":"https:\/\/mzpm-ljubljana.si\/javno\/wp-json\/wp\/v2\/pages"}],"about":[{"href":"https:\/\/mzpm-ljubljana.si\/javno\/wp-json\/wp\/v2\/types\/page"}],"author":[{"embeddable":true,"href":"https:\/\/mzpm-ljubljana.si\/javno\/wp-json\/wp\/v2\/users\/1"}],"replies":[{"embeddable":true,"href":"https:\/\/mzpm-ljubljana.si\/javno\/wp-json\/wp\/v2\/comments?post=2207"}],"version-history":[{"count":119,"href":"https:\/\/mzpm-ljubljana.si\/javno\/wp-json\/wp\/v2\/pages\/2207\/revisions"}],"predecessor-version":[{"id":4053,"href":"https:\/\/mzpm-ljubljana.si\/javno\/wp-json\/wp\/v2\/pages\/2207\/revisions\/4053"}],"up":[{"embeddable":true,"href":"https:\/\/mzpm-ljubljana.si\/javno\/wp-json\/wp\/v2\/pages\/2186"}],"wp:featuredmedia":[{"embeddable":true,"href":"https:\/\/mzpm-ljubljana.si\/javno\/wp-json\/wp\/v2\/media\/4051"}],"wp:attachment":[{"href":"https:\/\/mzpm-ljubljana.si\/javno\/wp-json\/wp\/v2\/media?parent=2207"}],"curies":[{"name":"wp","href":"https:\/\/api.w.org\/{rel}","templated":true}]}}