{"id":2331,"date":"2020-05-26T21:37:39","date_gmt":"2020-05-26T19:37:39","guid":{"rendered":"https:\/\/mzpm-ljubljana.si\/javno\/?page_id=2331"},"modified":"2023-09-07T11:44:53","modified_gmt":"2023-09-07T09:44:53","slug":"teden-otroka","status":"publish","type":"page","link":"https:\/\/mzpm-ljubljana.si\/javno\/programi\/za-vrtce\/teden-otroka\/","title":{"rendered":"Teden otroka"},"content":{"rendered":"<h2><img decoding=\"async\" loading=\"lazy\" class=\"alignnone wp-image-2605\" src=\"https:\/\/mzpm-ljubljana.si\/javno\/wp-content\/uploads\/2020\/06\/logotip-teden-otroka-barvni.jpg\" alt=\"\" width=\"175\" height=\"200\" \/><\/h2>\n<p>Teden otroka se obele\u017euje v prvem tednu oktobra, ko pozornost \u0161ir\u0161e javnosti z razli\u010dnimi okroglimi mizami, konferencami in izobra\u017eevalnimi delavnicami, \u017eelimo \u0161e bolj usmeriti na otroke in mladino.<\/p>\n<p>Osrednja <strong>tema leto\u0161njega Tedna otroka<\/strong>, ki bo potekal <strong>od 2. do 8. oktobra 2023<\/strong>, je <span style=\"color: #0000ff;\"><strong>ZAKAJI IN ZATOJI RADOVEDNOSTI<\/strong><\/span>.<\/p>\n<p>Ve\u010d informacij o Tednu otroka najdete\u00a0<a href=\"http:\/\/www.zpms.si\/programi-in-projekti\/teden-otroka\/\">tu.<\/a><\/p>\n<p><img decoding=\"async\" loading=\"lazy\" class=\"alignnone wp-image-2592\" src=\"https:\/\/mzpm-ljubljana.si\/javno\/wp-content\/uploads\/2020\/06\/DSC_0292.jpg\" alt=\"\" width=\"300\" height=\"200\" \/>\u00a0 <img decoding=\"async\" loading=\"lazy\" class=\"alignnone wp-image-2593\" src=\"https:\/\/mzpm-ljubljana.si\/javno\/wp-content\/uploads\/2020\/06\/kolesarjenje-ob-Dravi-37.jpg\" alt=\"\" width=\"300\" height=\"200\" \/><\/p>\n","protected":false},"excerpt":{"rendered":"Teden otroka se obele\u017euje v prvem tednu oktobra, ko pozornost \u0161ir\u0161e javnosti z razli\u010dnimi okroglimi mizami, konferencami in izobra\u017eevalnimi delavnicami, \u017eelimo \u0161e bolj usmeriti na otroke in mladino. Osrednja tema leto\u0161njega Tedna otroka, ki bo potekal od 2. do 8. oktobra 2023, je ZAKAJI IN ZATOJI RADOVEDNOSTI. Ve\u010d informacij o Tednu otroka najdete\u00a0tu. \u00a0","protected":false},"author":5,"featured_media":0,"parent":2155,"menu_order":0,"comment_status":"closed","ping_status":"closed","template":"","meta":[],"_links":{"self":[{"href":"https:\/\/mzpm-ljubljana.si\/javno\/wp-json\/wp\/v2\/pages\/2331"}],"collection":[{"href":"https:\/\/mzpm-ljubljana.si\/javno\/wp-json\/wp\/v2\/pages"}],"about":[{"href":"https:\/\/mzpm-ljubljana.si\/javno\/wp-json\/wp\/v2\/types\/page"}],"author":[{"embeddable":true,"href":"https:\/\/mzpm-ljubljana.si\/javno\/wp-json\/wp\/v2\/users\/5"}],"replies":[{"embeddable":true,"href":"https:\/\/mzpm-ljubljana.si\/javno\/wp-json\/wp\/v2\/comments?post=2331"}],"version-history":[{"count":12,"href":"https:\/\/mzpm-ljubljana.si\/javno\/wp-json\/wp\/v2\/pages\/2331\/revisions"}],"predecessor-version":[{"id":3863,"href":"https:\/\/mzpm-ljubljana.si\/javno\/wp-json\/wp\/v2\/pages\/2331\/revisions\/3863"}],"up":[{"embeddable":true,"href":"https:\/\/mzpm-ljubljana.si\/javno\/wp-json\/wp\/v2\/pages\/2155"}],"wp:attachment":[{"href":"https:\/\/mzpm-ljubljana.si\/javno\/wp-json\/wp\/v2\/media?parent=2331"}],"curies":[{"name":"wp","href":"https:\/\/api.w.org\/{rel}","templated":true}]}}