{"id":2459,"date":"2020-05-31T20:28:18","date_gmt":"2020-05-31T18:28:18","guid":{"rendered":"https:\/\/mzpm-ljubljana.si\/javno\/?page_id=2459"},"modified":"2023-09-07T11:25:48","modified_gmt":"2023-09-07T09:25:48","slug":"evropa-v-soli","status":"publish","type":"page","link":"https:\/\/mzpm-ljubljana.si\/javno\/programi\/za-sole\/evropa-v-soli\/","title":{"rendered":"Evropa v \u0161oli"},"content":{"rendered":"<p><img decoding=\"async\" loading=\"lazy\" class=\"alignnone wp-image-2615 size-full\" src=\"https:\/\/mzpm-ljubljana.si\/javno\/wp-content\/uploads\/2020\/06\/logo_evropa_v_soli2.thumb-450x400-200x178-1.png\" alt=\"\" width=\"200\" height=\"178\" \/><\/p>\n<p>Nate\u010daj poteka v Evropi \u017ee od leta 1953. V Sloveniji nate\u010daj organizira\u00a0 Nacionalni odbor nate\u010daja, ki deluje v okviru ZPMS in v katerem sodelujejo zainteresirane nevladne in vladne organizacije, ki delujejo na podro\u010dju mednarodnega sodelovanja, izobra\u017eevanja, evropskih povezav, mladine ter u\u010ditelji iz osnovnih in srednjih \u0161ol, prav tako pa tudi predstavniki organizacij, ki so prevzele regijsko koordinacijo nate\u010daja. V ve\u010dini primerov so to zveze in dru\u0161tva prijateljev mladine ter Evropska hi\u0161a v Mariboru za \u0160tajersko regijo.<\/p>\n<p>Nacionalno koordinacijo nate\u010daja je leta 2005 prevzela Zveza prijateljev mladine Slovenija, pred tem pa je koordinacijo vodil Informacijsko dokumentacijski center Sveta Evrope v Ljubljani. Bil je pobudnik vseslovenskega nacionalnega projekta, ki ga je pred tem v manj\u0161em \u0161tevilu \u0161ol v Sloveniji vodila Evropska hi\u0161a Maribor.<\/p>\n<p>V nate\u010daju sodelujejo u\u010denci osnovnih in srednjih \u0161ol, dija\u0161kih domov in \u0161ol s prilagojenim programom ter slovenskih \u0161ol v zamejstvu. Na nate\u010daju vsako leto sodeluje ve\u010d kot 10.000 mladih.<\/p>\n<p>Mestna zveza prijateljev mladine Ljubljana je leta 2012 ponovno prevzela koordinacijo programa za podro\u010dje osrednjesloenske regije (Kamnik, Komenda, Vodice, Menge\u0161, Lukovica, Morav\u010de, Trzin, Dom\u017eale, Medvode, Ljubljana, Dol pri Ljubljani, Dobrova-Polhov Gradec, Horjul, \u0160kofljica, Brezovica, Ig, Borovnica, Grosuplje, Velike La\u0161\u010de).<\/p>\n<p>Vsako \u0161olsko leto Nacionalni odbor programa Evropa v \u0161oli, izbere temo na podlagi katere osnovno\u0161olci in srednje\u0161olci ustvarjajo na razli\u010dnih podro\u010djih in se vklju\u010dujejo v nate\u010daje, ki so v sklopu programa razpisani.<\/p>\n<p><strong>Tema nate\u010daja Evropa v \u0161oli v \u0161olskem letu 2023\/2024 je: DOBRO SE Z DOBRIM VRA\u010cA<\/strong>.<\/p>\n<p>Ve\u010d o programu Evropa v \u0161oli najdete\u00a0<a href=\"http:\/\/www.zpms.si\/programi-in-projekti\/evropa-v-soli\/\">tu<\/a>.<\/p>\n","protected":false},"excerpt":{"rendered":"Nate\u010daj poteka v Evropi \u017ee od leta 1953. V Sloveniji nate\u010daj organizira\u00a0 Nacionalni odbor nate\u010daja, ki deluje v okviru ZPMS in v katerem sodelujejo zainteresirane nevladne in vladne organizacije, ki delujejo na podro\u010dju mednarodnega sodelovanja, izobra\u017eevanja, evropskih povezav, mladine ter u\u010ditelji iz osnovnih in srednjih \u0161ol, prav tako pa tudi predstavniki organizacij, ki so prevzele &hellip; ","protected":false},"author":1,"featured_media":0,"parent":2343,"menu_order":0,"comment_status":"closed","ping_status":"closed","template":"","meta":[],"_links":{"self":[{"href":"https:\/\/mzpm-ljubljana.si\/javno\/wp-json\/wp\/v2\/pages\/2459"}],"collection":[{"href":"https:\/\/mzpm-ljubljana.si\/javno\/wp-json\/wp\/v2\/pages"}],"about":[{"href":"https:\/\/mzpm-ljubljana.si\/javno\/wp-json\/wp\/v2\/types\/page"}],"author":[{"embeddable":true,"href":"https:\/\/mzpm-ljubljana.si\/javno\/wp-json\/wp\/v2\/users\/1"}],"replies":[{"embeddable":true,"href":"https:\/\/mzpm-ljubljana.si\/javno\/wp-json\/wp\/v2\/comments?post=2459"}],"version-history":[{"count":8,"href":"https:\/\/mzpm-ljubljana.si\/javno\/wp-json\/wp\/v2\/pages\/2459\/revisions"}],"predecessor-version":[{"id":3861,"href":"https:\/\/mzpm-ljubljana.si\/javno\/wp-json\/wp\/v2\/pages\/2459\/revisions\/3861"}],"up":[{"embeddable":true,"href":"https:\/\/mzpm-ljubljana.si\/javno\/wp-json\/wp\/v2\/pages\/2343"}],"wp:attachment":[{"href":"https:\/\/mzpm-ljubljana.si\/javno\/wp-json\/wp\/v2\/media?parent=2459"}],"curies":[{"name":"wp","href":"https:\/\/api.w.org\/{rel}","templated":true}]}}