{"id":2461,"date":"2020-05-31T20:34:05","date_gmt":"2020-05-31T18:34:05","guid":{"rendered":"https:\/\/mzpm-ljubljana.si\/javno\/?page_id=2461"},"modified":"2023-09-07T11:26:47","modified_gmt":"2023-09-07T09:26:47","slug":"otroski-parlament-in-mestna-otroska-vlada","status":"publish","type":"page","link":"https:\/\/mzpm-ljubljana.si\/javno\/programi\/za-sole\/otroski-parlament-in-mestna-otroska-vlada\/","title":{"rendered":"Otro\u0161ki parlament in Mestna otro\u0161ka vlada"},"content":{"rendered":"<p><img decoding=\"async\" loading=\"lazy\" class=\"alignnone wp-image-2618\" src=\"https:\/\/mzpm-ljubljana.si\/javno\/wp-content\/uploads\/2020\/06\/logotip-op_30-let-final.png\" alt=\"\" width=\"300\" height=\"107\" \/><\/p>\n<p>Je program vzgoje otrok in mladostnikov za demokrati\u010dno vzgojo. Prvi otro\u0161ki parlament je bil organiziran leta 1990. Nivojska izvedba (osnovne \u0161ole, ob\u010dine, regija, dr\u017eava) omogo\u010da vklju\u010ditev vsem osnovno\u0161olcem v Sloveniji. Vzpodbuja demokrati\u010den dialog in javno izra\u017eanje lastnih mnenj o vpra\u0161anjih, ki zadevajo odra\u0161\u010danje mladostnikov in njihovo videnje lastnega polo\u017eaja v dru\u017ebi.<\/p>\n<p>Konec leta 2015 se je, pod okriljem\u00a0<a href=\"http:\/\/www.zpms.si\/ZPMS\/\">Zveze prijateljev mladine Slovenije<\/a>, oblikoval Nacionalni odbor mladih. Sestavljen je iz aktivnih mladih parlamentarcev in tistih, ki so \u017ee zaklju\u010dili svoje osnovno\u0161olsko izobra\u017eevanje, si pa \u017eelijo \u0161e naprej aktivno participirati pri aktivnem dr\u017eavljanstvu.<\/p>\n<p><a href=\"https:\/\/mzpm-ljubljana.si\/javno\/wp-content\/uploads\/2020\/05\/Sporo\u010dilo-Nacionalnega-odbora-Mladih.pdf\">Tukaj si lahko preberete njihovo poslanico<\/a>, ki so jo naslovili na razli\u010dna Ministrstva, javne zavode in ostale organizacije, pomembne pri odlo\u010devanju za otroke in mlade..<\/p>\n<p>Na izvedbi<strong> 32. Nacionalnega otro\u0161kega parlamenta, dne 11.4.2022, s<\/strong>o mladi parlamentarci z 76 glasov, izvolili temo za 33. in 34. Otro\u0161ki parlament (\u0161olski leti 2022-23 in 2023-24), ki je:<strong> DU\u0160EVNO ZDRAVJE OTROK IN MLADIH.<\/strong><\/p>\n<ul>\n<li>11.3.2023: izveden <a href=\"https:\/\/mzpm-ljubljana.si\/javno\/33-mestni-otroski-parlament\/\">33. Mestni otro\u0161ki parlament<\/a><\/li>\n<li>29.3.2023: izveden 33. Regijski otro\u0161ki parlament<\/li>\n<li>11.4.2023: izveden <a href=\"https:\/\/www.zpms.si\/2023\/04\/11\/33-nacionalni-otroski-parlament-dusevno-zdravje-otrok-in-mladih\/\">33. Nacionalni otro\u0161ki parlament<\/a><\/li>\n<\/ul>\n<p>Uporabna gradiva z izobra\u017eevanj za mentorje in koordinatorje programa, organiziranega s strani ZPMS, so na <a href=\"https:\/\/www.zpms.si\/programi\/otroski-parlamenti\/\">tej povezavi<\/a>.<\/p>\n<p>&nbsp;<\/p>\n<p><img decoding=\"async\" loading=\"lazy\" class=\"alignnone wp-image-2619\" src=\"https:\/\/mzpm-ljubljana.si\/javno\/wp-content\/uploads\/2020\/06\/29.-NOP-Foto-Rok-Dolenc-22.jpg\" alt=\"\" width=\"300\" height=\"200\" \/> <img decoding=\"async\" loading=\"lazy\" class=\"alignnone wp-image-2621\" src=\"https:\/\/mzpm-ljubljana.si\/javno\/wp-content\/uploads\/2020\/06\/mop-2018.jpg\" alt=\"\" width=\"300\" height=\"199\" \/><\/p>\n<p><strong>Izvedba programa Otro\u0161ki parlament je v ob\u010dini Ljubljana sofinancirana preko javnega razpisa Mestne ob\u010dine Ljubljana.<\/strong><\/p>\n<p><img decoding=\"async\" loading=\"lazy\" class=\"alignnone wp-image-2363\" src=\"https:\/\/mzpm-ljubljana.si\/javno\/wp-content\/uploads\/2020\/05\/MOL-logotip-SLO_promocijski_mali.jpg\" alt=\"\" width=\"200\" height=\"74\" \/><\/p>\n","protected":false},"excerpt":{"rendered":"Je program vzgoje otrok in mladostnikov za demokrati\u010dno vzgojo. Prvi otro\u0161ki parlament je bil organiziran leta 1990. Nivojska izvedba (osnovne \u0161ole, ob\u010dine, regija, dr\u017eava) omogo\u010da vklju\u010ditev vsem osnovno\u0161olcem v Sloveniji. Vzpodbuja demokrati\u010den dialog in javno izra\u017eanje lastnih mnenj o vpra\u0161anjih, ki zadevajo odra\u0161\u010danje mladostnikov in njihovo videnje lastnega polo\u017eaja v dru\u017ebi. Konec leta 2015 se &hellip; ","protected":false},"author":1,"featured_media":0,"parent":2343,"menu_order":0,"comment_status":"closed","ping_status":"closed","template":"","meta":[],"_links":{"self":[{"href":"https:\/\/mzpm-ljubljana.si\/javno\/wp-json\/wp\/v2\/pages\/2461"}],"collection":[{"href":"https:\/\/mzpm-ljubljana.si\/javno\/wp-json\/wp\/v2\/pages"}],"about":[{"href":"https:\/\/mzpm-ljubljana.si\/javno\/wp-json\/wp\/v2\/types\/page"}],"author":[{"embeddable":true,"href":"https:\/\/mzpm-ljubljana.si\/javno\/wp-json\/wp\/v2\/users\/1"}],"replies":[{"embeddable":true,"href":"https:\/\/mzpm-ljubljana.si\/javno\/wp-json\/wp\/v2\/comments?post=2461"}],"version-history":[{"count":13,"href":"https:\/\/mzpm-ljubljana.si\/javno\/wp-json\/wp\/v2\/pages\/2461\/revisions"}],"predecessor-version":[{"id":3862,"href":"https:\/\/mzpm-ljubljana.si\/javno\/wp-json\/wp\/v2\/pages\/2461\/revisions\/3862"}],"up":[{"embeddable":true,"href":"https:\/\/mzpm-ljubljana.si\/javno\/wp-json\/wp\/v2\/pages\/2343"}],"wp:attachment":[{"href":"https:\/\/mzpm-ljubljana.si\/javno\/wp-json\/wp\/v2\/media?parent=2461"}],"curies":[{"name":"wp","href":"https:\/\/api.w.org\/{rel}","templated":true}]}}