{"id":2464,"date":"2020-05-31T20:37:38","date_gmt":"2020-05-31T18:37:38","guid":{"rendered":"https:\/\/mzpm-ljubljana.si\/javno\/?page_id=2464"},"modified":"2024-05-14T21:56:32","modified_gmt":"2024-05-14T19:56:32","slug":"zeleni-nahrbtnik","status":"publish","type":"page","link":"https:\/\/mzpm-ljubljana.si\/javno\/programi\/za-vrtce\/zeleni-nahrbtnik\/","title":{"rendered":"Zeleni nahrbtnik"},"content":{"rendered":"<p><img decoding=\"async\" loading=\"lazy\" class=\"alignnone size-full wp-image-2586\" src=\"https:\/\/mzpm-ljubljana.si\/javno\/wp-content\/uploads\/2020\/06\/Zeleni-nahrbtnik-2019-67.jpg\" alt=\"\" width=\"250\" height=\"166\" \/><\/p>\n<p><strong>Zeleni nahrbtnik je okoljevarstveni\u00a0<\/strong><strong>program<\/strong>, namenjen otrokom pred\u0161olske dobi (vrtcem) ki pod okriljem Mestne ZPM Ljubljana , poteka \u017ee od leta 1991. Vzgojitelji in vzgojiteljice program Zeleni nahrbtnik prostovoljno in zelo uspe\u0161no vklju\u010dujejo v svoj kurikulum in prav zaradi njihove neiz\u010drpne anga\u017eiranosti, program lahko diha in \u017eivi svoje polno \u017eivljenje.<\/p>\n<p><strong>Cilji programa Zeleni nahrbtnik:<\/strong><\/p>\n<ol>\n<li>Seznanitev pred\u0161olskih otrok o ogro\u017eenosti narave in okolja ter o podnebnih spremembah;<\/li>\n<li>Spodbujanje pred\u0161olskih otrok k pozitivnemu odnosu do narave in okolja;<\/li>\n<li>Razvijanje otrokove ob\u010dutljivosti na posege \u010dloveka v okolje;<\/li>\n<li>Spodbujanje otrok k iskanju re\u0161itev za okoljske probleme;<\/li>\n<li>Krepitev medsebojnih odnosov;<\/li>\n<li>Bogatitev besednega zaklada otrok;<\/li>\n<li>Spodbujanje otrokove kreativnosti in ustvarjalnosti;<\/li>\n<li>Spodbujanje igre otrok;<\/li>\n<li>S predstavitvijo projekta vplivati na star\u0161e in druge odrasle, da odgovorneje pristopajo k aktivnostim, ki vodijo k uni\u010denju okolja in v podnebne spremembe.<\/li>\n<\/ol>\n<p><strong>Zeleni nahrbtnik, lutka Zmaj\u010dek Jur\u010dek,\u00a0<\/strong><strong>kot tudi himna Zelenega nahrbtnika, ki so za\u0161\u010ditni znaki projekta,\u00a0<\/strong>pomagajo otrokom, da na njima prijazen na\u010din, program dose\u017ee svoje zastavljene cilje.<\/p>\n<p>V letu 2019 pa smo v projekt Zeleni nahrbtnik vklju\u010dili tudi\u00a0<strong>CILJE TRAJNOSTNEGA RAZVOJA<\/strong>.<\/p>\n<p>Z vklju\u010devanjem ciljev trajnostnega razvoja v program Zeleni nahrbtnik, smo u\u010dnim vsebinam dali \u0161e ve\u010djo pomembnost, otrokom pa prilo\u017enost za prakti\u010dno uporabo njihovih znanj in ve\u0161\u010din ter za razvoj strasti do odgovornega delovanja v dru\u017ebi ter navsezadnje prispevali k njihovemu razvoju kompetenc za trajnostne dr\u017eavljane.<\/p>\n<p><img decoding=\"async\" loading=\"lazy\" class=\"alignnone wp-image-2589\" src=\"https:\/\/mzpm-ljubljana.si\/javno\/wp-content\/uploads\/2020\/06\/Zeleni-nahrbtnik-2019-61.jpg\" alt=\"\" width=\"300\" height=\"200\" \/>\u00a0 \u00a0 \u00a0 <img decoding=\"async\" loading=\"lazy\" class=\"alignnone wp-image-2590\" src=\"https:\/\/mzpm-ljubljana.si\/javno\/wp-content\/uploads\/2020\/06\/Zeleni-nahrbtnik-2019-12.jpg\" alt=\"\" width=\"300\" height=\"200\" \/><\/p>\n<p><span style=\"color: #008000;\"><strong><a style=\"color: #008000;\" href=\"https:\/\/mzpm-ljubljana.si\/javno\/wp-content\/uploads\/2020\/07\/Zeleni-nahrbtnik-Bilten-2020.pdf\">Bilten Zeleni nahrbtnik 2020<\/a><\/strong><\/span><\/p>\n<p><span style=\"color: #008000;\"><a style=\"color: #008000;\" href=\"https:\/\/mzpm-ljubljana.si\/javno\/wp-content\/uploads\/2020\/05\/Bilten-2019.pdf\"><b>Bilten Zeleni nahrbtnik 2019<\/b><\/a><\/span><\/p>\n<p>Ve\u010d informacij in prijave na: <a href=\"mailto:tanja.povsic@mzpm-ljubljana.si\">tanja.povsic@mzpm-ljubljana.si<\/a><\/p>\n","protected":false},"excerpt":{"rendered":"Zeleni nahrbtnik je okoljevarstveni\u00a0program, namenjen otrokom pred\u0161olske dobi (vrtcem) ki pod okriljem Mestne ZPM Ljubljana , poteka \u017ee od leta 1991. Vzgojitelji in vzgojiteljice program Zeleni nahrbtnik prostovoljno in zelo uspe\u0161no vklju\u010dujejo v svoj kurikulum in prav zaradi njihove neiz\u010drpne anga\u017eiranosti, program lahko diha in \u017eivi svoje polno \u017eivljenje. Cilji programa Zeleni nahrbtnik: Seznanitev pred\u0161olskih &hellip; ","protected":false},"author":1,"featured_media":2586,"parent":2155,"menu_order":0,"comment_status":"closed","ping_status":"closed","template":"","meta":[],"_links":{"self":[{"href":"https:\/\/mzpm-ljubljana.si\/javno\/wp-json\/wp\/v2\/pages\/2464"}],"collection":[{"href":"https:\/\/mzpm-ljubljana.si\/javno\/wp-json\/wp\/v2\/pages"}],"about":[{"href":"https:\/\/mzpm-ljubljana.si\/javno\/wp-json\/wp\/v2\/types\/page"}],"author":[{"embeddable":true,"href":"https:\/\/mzpm-ljubljana.si\/javno\/wp-json\/wp\/v2\/users\/1"}],"replies":[{"embeddable":true,"href":"https:\/\/mzpm-ljubljana.si\/javno\/wp-json\/wp\/v2\/comments?post=2464"}],"version-history":[{"count":13,"href":"https:\/\/mzpm-ljubljana.si\/javno\/wp-json\/wp\/v2\/pages\/2464\/revisions"}],"predecessor-version":[{"id":4005,"href":"https:\/\/mzpm-ljubljana.si\/javno\/wp-json\/wp\/v2\/pages\/2464\/revisions\/4005"}],"up":[{"embeddable":true,"href":"https:\/\/mzpm-ljubljana.si\/javno\/wp-json\/wp\/v2\/pages\/2155"}],"wp:featuredmedia":[{"embeddable":true,"href":"https:\/\/mzpm-ljubljana.si\/javno\/wp-json\/wp\/v2\/media\/2586"}],"wp:attachment":[{"href":"https:\/\/mzpm-ljubljana.si\/javno\/wp-json\/wp\/v2\/media?parent=2464"}],"curies":[{"name":"wp","href":"https:\/\/api.w.org\/{rel}","templated":true}]}}