{"id":2471,"date":"2020-05-31T20:45:13","date_gmt":"2020-05-31T18:45:13","guid":{"rendered":"https:\/\/mzpm-ljubljana.si\/javno\/?page_id=2471"},"modified":"2023-09-07T11:47:20","modified_gmt":"2023-09-07T09:47:20","slug":"teden-otroka","status":"publish","type":"page","link":"https:\/\/mzpm-ljubljana.si\/javno\/programi\/za-sole\/teden-otroka\/","title":{"rendered":"Teden otroka"},"content":{"rendered":"<p><img decoding=\"async\" loading=\"lazy\" class=\"alignnone wp-image-2605\" src=\"https:\/\/mzpm-ljubljana.si\/javno\/wp-content\/uploads\/2020\/06\/logotip-teden-otroka-barvni.jpg\" alt=\"\" width=\"193\" height=\"220\" \/><\/p>\n<p>Teden otroka se obele\u017euje v prvem tednu oktobra, ko pozornost \u0161ir\u0161e javnosti z razli\u010dnimi okroglimi mizami, konferencami in izobra\u017eevalnimi delavnicami, \u017eelimo usmeriti na otroke in mladino.<\/p>\n<p>Osrednja <strong>tema leto\u0161njega Tedna otroka(R) <\/strong>, ki bo potekal <strong>od 2. do 8. oktobra 2023<\/strong>, je <span style=\"color: #0000ff;\"><strong>ZAKAJI IN ZATOJI RADOVEDNOSTI<\/strong><\/span>.<\/p>\n<p>V tem zelo pomembnem tednu zveze in dru\u0161tva prijateljev mladine po celi Sloveniji izvajajo razli\u010dne aktivnosti, dogodki, delavnice, posveti...<\/p>\n<p>Naj bo\u00a0 Teden otroka poln radovednosti, ustvarjalnosti in sodelovanje!<\/p>\n<p>Ve\u010d informacij o Tednu otroka najdete\u00a0<a href=\"http:\/\/www.zpms.si\/programi-in-projekti\/teden-otroka\/\">tu.<\/a><\/p>\n","protected":false},"excerpt":{"rendered":"Teden otroka se obele\u017euje v prvem tednu oktobra, ko pozornost \u0161ir\u0161e javnosti z razli\u010dnimi okroglimi mizami, konferencami in izobra\u017eevalnimi delavnicami, \u017eelimo usmeriti na otroke in mladino. Osrednja tema leto\u0161njega Tedna otroka(R) , ki bo potekal od 2. do 8. oktobra 2023, je ZAKAJI IN ZATOJI RADOVEDNOSTI. V tem zelo pomembnem tednu zveze in dru\u0161tva prijateljev &hellip; ","protected":false},"author":1,"featured_media":0,"parent":2343,"menu_order":0,"comment_status":"closed","ping_status":"closed","template":"","meta":[],"_links":{"self":[{"href":"https:\/\/mzpm-ljubljana.si\/javno\/wp-json\/wp\/v2\/pages\/2471"}],"collection":[{"href":"https:\/\/mzpm-ljubljana.si\/javno\/wp-json\/wp\/v2\/pages"}],"about":[{"href":"https:\/\/mzpm-ljubljana.si\/javno\/wp-json\/wp\/v2\/types\/page"}],"author":[{"embeddable":true,"href":"https:\/\/mzpm-ljubljana.si\/javno\/wp-json\/wp\/v2\/users\/1"}],"replies":[{"embeddable":true,"href":"https:\/\/mzpm-ljubljana.si\/javno\/wp-json\/wp\/v2\/comments?post=2471"}],"version-history":[{"count":14,"href":"https:\/\/mzpm-ljubljana.si\/javno\/wp-json\/wp\/v2\/pages\/2471\/revisions"}],"predecessor-version":[{"id":3864,"href":"https:\/\/mzpm-ljubljana.si\/javno\/wp-json\/wp\/v2\/pages\/2471\/revisions\/3864"}],"up":[{"embeddable":true,"href":"https:\/\/mzpm-ljubljana.si\/javno\/wp-json\/wp\/v2\/pages\/2343"}],"wp:attachment":[{"href":"https:\/\/mzpm-ljubljana.si\/javno\/wp-json\/wp\/v2\/media?parent=2471"}],"curies":[{"name":"wp","href":"https:\/\/api.w.org\/{rel}","templated":true}]}}