{"id":2481,"date":"2020-05-31T20:52:18","date_gmt":"2020-05-31T18:52:18","guid":{"rendered":"https:\/\/mzpm-ljubljana.si\/javno\/?page_id=2481"},"modified":"2024-02-04T16:08:28","modified_gmt":"2024-02-04T15:08:28","slug":"predavanja-za-starse","status":"publish","type":"page","link":"https:\/\/mzpm-ljubljana.si\/javno\/programi\/za-starse\/predavanja-za-starse\/","title":{"rendered":"Predavanja za star\u0161e"},"content":{"rendered":"<p><img decoding=\"async\" loading=\"lazy\" class=\"size-full wp-image-2645\" src=\"https:\/\/mzpm-ljubljana.si\/javno\/wp-content\/uploads\/2020\/06\/zavestno-star\u0161evstvo.jpg\" alt=\"\" width=\"250\" height=\"187\" \/><\/p>\n<p>Spo\u0161tovani star\u0161i in ostali skrbniki otrok!<\/p>\n<p>Obve\u0161\u010damo vas, da Mestna ZPM Ljubljana trenutno nima razpisanih terminov predavanj za leto 2024.<\/p>\n<p>Hvala na razumevanju!<\/p>\n","protected":false},"excerpt":{"rendered":"Spo\u0161tovani star\u0161i in ostali skrbniki otrok! Obve\u0161\u010damo vas, da Mestna ZPM Ljubljana trenutno nima razpisanih terminov predavanj za leto 2024. Hvala na razumevanju!","protected":false},"author":1,"featured_media":0,"parent":2193,"menu_order":0,"comment_status":"closed","ping_status":"closed","template":"","meta":[],"_links":{"self":[{"href":"https:\/\/mzpm-ljubljana.si\/javno\/wp-json\/wp\/v2\/pages\/2481"}],"collection":[{"href":"https:\/\/mzpm-ljubljana.si\/javno\/wp-json\/wp\/v2\/pages"}],"about":[{"href":"https:\/\/mzpm-ljubljana.si\/javno\/wp-json\/wp\/v2\/types\/page"}],"author":[{"embeddable":true,"href":"https:\/\/mzpm-ljubljana.si\/javno\/wp-json\/wp\/v2\/users\/1"}],"replies":[{"embeddable":true,"href":"https:\/\/mzpm-ljubljana.si\/javno\/wp-json\/wp\/v2\/comments?post=2481"}],"version-history":[{"count":32,"href":"https:\/\/mzpm-ljubljana.si\/javno\/wp-json\/wp\/v2\/pages\/2481\/revisions"}],"predecessor-version":[{"id":3888,"href":"https:\/\/mzpm-ljubljana.si\/javno\/wp-json\/wp\/v2\/pages\/2481\/revisions\/3888"}],"up":[{"embeddable":true,"href":"https:\/\/mzpm-ljubljana.si\/javno\/wp-json\/wp\/v2\/pages\/2193"}],"wp:attachment":[{"href":"https:\/\/mzpm-ljubljana.si\/javno\/wp-json\/wp\/v2\/media?parent=2481"}],"curies":[{"name":"wp","href":"https:\/\/api.w.org\/{rel}","templated":true}]}}