{"id":3,"date":"2020-03-01T15:52:29","date_gmt":"2020-03-01T15:52:29","guid":{"rendered":"https:\/\/mzpm-ljubljana.si\/javno\/?page_id=3"},"modified":"2020-05-19T16:35:59","modified_gmt":"2020-05-19T14:35:59","slug":"politika-uporabe-spletne-strani-in-varstvo-osebnih-podatkov","status":"publish","type":"page","link":"https:\/\/mzpm-ljubljana.si\/javno\/politika-uporabe-spletne-strani-in-varstvo-osebnih-podatkov\/","title":{"rendered":"Politika uporabe spletne strani in varstvo osebnih podatkov"},"content":{"rendered":"\r\n<h2 class=\"wp-block-heading\"><strong>Pravno obvestilo<\/strong><\/h2>\r\n<div class=\"content\">\r\n<div class=\"p3\">\r\n<h2 class=\"p0\">Varstvo osebnih podatkov<\/h2>\r\n<div class=\"wrapper\">\r\n<div class=\"extra-wrap\">\r\n<p>Mestna zveza prijateljev mladine Ljubljana (MZPML)\u00a0se zavezuje, da podatkov, ki jih boste posredovali preko spletnih strani ali na kakr\u0161enkoli drug na\u010din, ne bo prodajalo, posojalo ali kakorkoli druga\u010de posredovalo tretjim osebam.<\/p>\r\n<p>Vsi podatki bodo obravnavani zaupno in bodo uporabljeni zgolj za interno evidenco in v namen, zaradi katerega so bili posredovani. Va\u0161i podatki bodo skrbno varovani pred izgubo, zlorabo, nepoobla\u0161\u010denim dostopom, razkrivanjem, spreminjanjem ali uni\u010denjem.<\/p>\r\n<p>Ob obisku strani se nekateri podatki (IP naslov, datum, \u010das, naslov strani, s katere prihajate) shranijo na stre\u017enik. Ti podatki so anonimni in se uporabljajo zgolj za statisti\u010dne obdelave.<\/p>\r\n<p>Spletne strani uporabljajo \"pi\u0161kotke\". To so majhne datoteke, ki se ob obisku strani shranijo na va\u0161 disk. Pi\u0161kotki vam lahko olaj\u0161ajo nadaljnje obiske strani. Z nastavitvami v va\u0161em brskalniku se lahko odlo\u010dite ali boste \"pi\u0161kotke\" sprejeli ali zavrnili.<\/p>\r\n<p>\u010ce \u00bbpi\u0161kotkov\u00ab ne sprejmete, nekatere spletne strani morda ne bodo prikazane pravilno ali pa vam ne bo omogo\u010den dostop do vseh informacij ali funkcionalnosti spletnih strani.<\/p>\r\n<h2>Izklju\u010ditev odgovornosti<\/h2>\r\n<p>Spletne strani so postavljene in vzdr\u017eevane z najve\u010djo mo\u017eno mero skrbnosti. Kljub temu\u00a0MZPML ne more jam\u010diti za a\u017eurnost, to\u010dnost ali pravilnost vseh informacij na straneh. Vse informacije na spletnih straneh se lahko spremenijo brez predhodnega obvestila.<\/p>\r\n<p>Prav tako MZPML ne sprejema odgovornosti za kakr\u0161nokoli \u0161kodo, ki bi neposredno ali posredno nastala zaradi uporabe, nepravilnega delovanja in\/ali nedostopnosti teh spletnih strani.<\/p>\r\n<p>V primeru sklicevanja ali povezovanja teh spletnih strani z drugimi, ki so v lasti ali upravljanju tretjih oseb, MZPML\u00a0ne prevzema odgovornosti za vsebino ali pravilnost delovanja teh spletnih strani.<\/p>\r\n<h2>Avtorske pravice<\/h2>\r\n<p>Vsa besedila, slike, grafike, animacije in drugi dokumenti, ki jih vsebujejo spletne strani, so v zakonsko dovoljenem okviru predmet avtorske za\u0161\u010dite ali druge oblike za\u0161\u010dite intelektualne lastnine.<\/p>\r\n<p>Vsebino spletnih strani ni dovoljeno kopirati, razpe\u010devati, spreminjati ali na kakr\u0161enkoli drug na\u010din reproducirati, razen v primeru pisnega soglasja podjetja MZPML, ki aktivno uveljavlja svoje pravice do intelektualne lastnine v najve\u010dji mo\u017eni meri, ki jo dovoljuje zakon.<\/p>\r\n<\/div>\r\n<\/div>\r\n<\/div>\r\n<\/div>\r\n","protected":false},"excerpt":{"rendered":"Pravno obvestilo Varstvo osebnih podatkov Mestna zveza prijateljev mladine Ljubljana (MZPML)\u00a0se zavezuje, da podatkov, ki jih boste posredovali preko spletnih strani ali na kakr\u0161enkoli drug na\u010din, ne bo prodajalo, posojalo ali kakorkoli druga\u010de posredovalo tretjim osebam. Vsi podatki bodo obravnavani zaupno in bodo uporabljeni zgolj za interno evidenco in v namen, zaradi katerega so bili &hellip; ","protected":false},"author":1,"featured_media":0,"parent":0,"menu_order":0,"comment_status":"closed","ping_status":"closed","template":"","meta":[],"_links":{"self":[{"href":"https:\/\/mzpm-ljubljana.si\/javno\/wp-json\/wp\/v2\/pages\/3"}],"collection":[{"href":"https:\/\/mzpm-ljubljana.si\/javno\/wp-json\/wp\/v2\/pages"}],"about":[{"href":"https:\/\/mzpm-ljubljana.si\/javno\/wp-json\/wp\/v2\/types\/page"}],"author":[{"embeddable":true,"href":"https:\/\/mzpm-ljubljana.si\/javno\/wp-json\/wp\/v2\/users\/1"}],"replies":[{"embeddable":true,"href":"https:\/\/mzpm-ljubljana.si\/javno\/wp-json\/wp\/v2\/comments?post=3"}],"version-history":[{"count":9,"href":"https:\/\/mzpm-ljubljana.si\/javno\/wp-json\/wp\/v2\/pages\/3\/revisions"}],"predecessor-version":[{"id":2259,"href":"https:\/\/mzpm-ljubljana.si\/javno\/wp-json\/wp\/v2\/pages\/3\/revisions\/2259"}],"wp:attachment":[{"href":"https:\/\/mzpm-ljubljana.si\/javno\/wp-json\/wp\/v2\/media?parent=3"}],"curies":[{"name":"wp","href":"https:\/\/api.w.org\/{rel}","templated":true}]}}