{"id":3255,"date":"2021-06-08T12:15:16","date_gmt":"2021-06-08T10:15:16","guid":{"rendered":"https:\/\/mzpm-ljubljana.si\/javno\/?page_id=3255"},"modified":"2022-07-04T14:53:31","modified_gmt":"2022-07-04T12:53:31","slug":"katis-izobrazevanja-za-strokovne-delavce-v-viz","status":"publish","type":"page","link":"https:\/\/mzpm-ljubljana.si\/javno\/programi\/za-sole\/katis-izobrazevanja-za-strokovne-delavce-v-viz\/","title":{"rendered":"KATIS Izobra\u017eevanja za strokovne delavce v VIZ"},"content":{"rendered":"<p>Na\u0161e dolgoletno delovanje na terenu nam omogo\u010da\u00a0 in nas spodbuja, da se <strong>hitro odzivamo<\/strong> na potrebe dru\u017ebe in na potrebe na\u0161ih uporabnikov. Prav zaradi teh potreb, izobra\u017eevalne programe tako vsakoletno <strong>oplemenjujemo in nadgrajujemo<\/strong>, k sodelovanju privabljamo strokovnjake, ki delujejo na razli\u010dnih podro\u010djih (socialne pedagoge, psihoterapevte, psihologe, \u2026), ter tako <strong>zagotavljamo<\/strong>, da smo osrednji <strong>podporni steber vsem skrbnikom otrok in mladostnikov<\/strong> (star\u0161em, u\u010diteljem, pedagogom, vzgojiteljem,\u2026). Smo tudi ena od redkih NVO, ki je ponosna nosilka <strong>Statusa v javnem interesu na podro\u010dju vzgoje in<\/strong> <strong>izobra\u017eevanja.\u00a0<\/strong><\/p>\n<p>V \u0161olskem letu\u00a0 <strong>2022-2023 so trije <\/strong>na\u0161i izobra\u017eevalni programi uvr\u0161\u010denih v <strong>KATIS<\/strong>. Udele\u017eba na na\u0161ih izobra\u017eevalnih seminarjih vam tako prina\u0161a od <strong>0,5 pa kar do 2 to\u010dki za napredovanje v nazive.<\/strong><\/p>\n<p>Pridru\u017eite nam se in skupaj bomo soustvarjali bolj\u0161o in strpnej\u0161o dru\u017ebo!<\/p>\n<p><span style=\"color: #3366ff;\"><strong><span style=\"color: #000000;\">IZOBRA\u017dEVALNI SEMINAR:<\/span> <a href=\"https:\/\/mzpm-ljubljana.si\/javno\/ucenje-ucenja-v-praksi\/\"><span style=\"color: #0000ff;\">U\u010cENJE U\u010cENJA V PRAKSI<\/span><\/a><\/strong><\/span><\/p>\n<p><strong>IZOBRA\u017dEVALNI SEMINAR: <span style=\"color: #0000ff;\"><a style=\"color: #0000ff;\" href=\"https:\/\/mzpm-ljubljana.si\/javno\/vloga-pedagoskega-delavca-pri-razvoju-otroka\/\">NA POTI S TEBOJ - BITI MENTOR<\/a><\/span><\/strong><\/p>\n<p><strong>IZOBRA\u017dEVALNI SEMINAR IN CELOLETNI PROJEKT: <a href=\"https:\/\/mzpm-ljubljana.si\/javno\/programi\/za-sole\/semena-sprememb\/\"><span style=\"color: #0000ff;\">SEMENA SPREMEMB<\/span><\/a><\/strong><\/p>\n","protected":false},"excerpt":{"rendered":"Na\u0161e dolgoletno delovanje na terenu nam omogo\u010da\u00a0 in nas spodbuja, da se hitro odzivamo na potrebe dru\u017ebe in na potrebe na\u0161ih uporabnikov. Prav zaradi teh potreb, izobra\u017eevalne programe tako vsakoletno oplemenjujemo in nadgrajujemo, k sodelovanju privabljamo strokovnjake, ki delujejo na razli\u010dnih podro\u010djih (socialne pedagoge, psihoterapevte, psihologe, \u2026), ter tako zagotavljamo, da smo osrednji podporni steber &hellip; ","protected":false},"author":5,"featured_media":0,"parent":2343,"menu_order":0,"comment_status":"closed","ping_status":"closed","template":"","meta":[],"_links":{"self":[{"href":"https:\/\/mzpm-ljubljana.si\/javno\/wp-json\/wp\/v2\/pages\/3255"}],"collection":[{"href":"https:\/\/mzpm-ljubljana.si\/javno\/wp-json\/wp\/v2\/pages"}],"about":[{"href":"https:\/\/mzpm-ljubljana.si\/javno\/wp-json\/wp\/v2\/types\/page"}],"author":[{"embeddable":true,"href":"https:\/\/mzpm-ljubljana.si\/javno\/wp-json\/wp\/v2\/users\/5"}],"replies":[{"embeddable":true,"href":"https:\/\/mzpm-ljubljana.si\/javno\/wp-json\/wp\/v2\/comments?post=3255"}],"version-history":[{"count":21,"href":"https:\/\/mzpm-ljubljana.si\/javno\/wp-json\/wp\/v2\/pages\/3255\/revisions"}],"predecessor-version":[{"id":3613,"href":"https:\/\/mzpm-ljubljana.si\/javno\/wp-json\/wp\/v2\/pages\/3255\/revisions\/3613"}],"up":[{"embeddable":true,"href":"https:\/\/mzpm-ljubljana.si\/javno\/wp-json\/wp\/v2\/pages\/2343"}],"wp:attachment":[{"href":"https:\/\/mzpm-ljubljana.si\/javno\/wp-json\/wp\/v2\/media?parent=3255"}],"curies":[{"name":"wp","href":"https:\/\/api.w.org\/{rel}","templated":true}]}}