{"id":3279,"date":"2021-06-08T13:29:13","date_gmt":"2021-06-08T11:29:13","guid":{"rendered":"https:\/\/mzpm-ljubljana.si\/javno\/?page_id=3279"},"modified":"2024-05-14T21:23:24","modified_gmt":"2024-05-14T19:23:24","slug":"vloga-pedagoskega-delavca-pri-razvoju-otroka","status":"publish","type":"page","link":"https:\/\/mzpm-ljubljana.si\/javno\/vloga-pedagoskega-delavca-pri-razvoju-otroka\/","title":{"rendered":"Na poti s teboj &#8211; Biti Mentor"},"content":{"rendered":"<p>Mentorstvo je ena najbolj u\u010dinkovitih metod vzajemnega u\u010denja, razvoja potencialov in s tem osebne in profesionalne rasti posameznika. Temelji na medsebojnem zaupanju, iskrenosti in spo\u0161tovanju. Je povezovalec razli\u010dnih potreb, interesov, znanj in izku\u0161enj, ki uspe\u0161no naslavlja pomen sodelovanja, povezovanja, vklju\u010denosti, vse\u017eivljenjskega u\u010denja in vzpostavljanja iskrenih, odprtih in spo\u0161tljivih medsebojnih odnosov.\u00a0Je pomemben sestavni del sodobnega voditeljstva, usmerjenega v trajnosten razvoj za blaginjo vseh.<\/p>\n<p>\u0160ola \u017ee dolgo \u010dasa ni ve\u010d samo prostor, kjer se posredujejo informacije. Informacije v dana\u0161njem \u010dasu so zelo hitro dostopne, zato se tudi vloga u\u010ditelja korenito spreminja. Vse bolj v ospredje prihajajo ve\u0161\u010dine u\u010denje u\u010denja oz. uporaba in kriti\u010den pogled na informacije, ki jih pridobivamo ter osebnostni razvoj.<\/p>\n<p>Izobra\u017eevanje Na poti s teboj - biti mentor, je tako namenjeno vzgojiteljem v vrtcih, u\u010diteljem v osnovnih \u0161olah, profesorjem na srednjih \u0161olah, kot tudi svetovalnim delavcem, pedagogom,... skratka, vsem tistim, ki se zavedajo sprememb njihovih dosedanjih vlog, z namenom, da se jih opolnomo\u010di pri sprejemanju novih na\u010dinov krepljenja otrok in mladostnikov na njihovi poti odra\u0161\u010danja.<\/p>\n<p>&nbsp;<\/p>\n<p>&nbsp;<\/p>\n","protected":false},"excerpt":{"rendered":"Mentorstvo je ena najbolj u\u010dinkovitih metod vzajemnega u\u010denja, razvoja potencialov in s tem osebne in profesionalne rasti posameznika. Temelji na medsebojnem zaupanju, iskrenosti in spo\u0161tovanju. Je povezovalec razli\u010dnih potreb, interesov, znanj in izku\u0161enj, ki uspe\u0161no naslavlja pomen sodelovanja, povezovanja, vklju\u010denosti, vse\u017eivljenjskega u\u010denja in vzpostavljanja iskrenih, odprtih in spo\u0161tljivih medsebojnih odnosov.\u00a0Je pomemben sestavni del sodobnega voditeljstva, &hellip; ","protected":false},"author":5,"featured_media":0,"parent":0,"menu_order":0,"comment_status":"closed","ping_status":"closed","template":"","meta":[],"_links":{"self":[{"href":"https:\/\/mzpm-ljubljana.si\/javno\/wp-json\/wp\/v2\/pages\/3279"}],"collection":[{"href":"https:\/\/mzpm-ljubljana.si\/javno\/wp-json\/wp\/v2\/pages"}],"about":[{"href":"https:\/\/mzpm-ljubljana.si\/javno\/wp-json\/wp\/v2\/types\/page"}],"author":[{"embeddable":true,"href":"https:\/\/mzpm-ljubljana.si\/javno\/wp-json\/wp\/v2\/users\/5"}],"replies":[{"embeddable":true,"href":"https:\/\/mzpm-ljubljana.si\/javno\/wp-json\/wp\/v2\/comments?post=3279"}],"version-history":[{"count":13,"href":"https:\/\/mzpm-ljubljana.si\/javno\/wp-json\/wp\/v2\/pages\/3279\/revisions"}],"predecessor-version":[{"id":3994,"href":"https:\/\/mzpm-ljubljana.si\/javno\/wp-json\/wp\/v2\/pages\/3279\/revisions\/3994"}],"wp:attachment":[{"href":"https:\/\/mzpm-ljubljana.si\/javno\/wp-json\/wp\/v2\/media?parent=3279"}],"curies":[{"name":"wp","href":"https:\/\/api.w.org\/{rel}","templated":true}]}}